{"id":2703,"date":"2024-04-02T16:17:33","date_gmt":"2024-04-02T21:17:33","guid":{"rendered":"https:\/\/boleramayorca.com\/?page_id=2703"},"modified":"2024-08-29T10:00:10","modified_gmt":"2024-08-29T15:00:10","slug":"eventos-bolera-mayorca","status":"publish","type":"page","link":"https:\/\/boleramayorca.com\/en\/eventos-bolera-mayorca\/","title":{"rendered":"Eventos"},"content":{"rendered":"<div data-elementor-type=\"wp-page\" data-elementor-id=\"2703\" class=\"elementor elementor-2703\" data-elementor-post-type=\"page\">\n\t\t\t\t<div class=\"elementor-element elementor-element-caf29bf elementor-hidden-tablet elementor-hidden-mobile e-flex e-con-boxed e-con e-parent\" data-id=\"caf29bf\" data-element_type=\"container\" data-settings=\"{&quot;background_background&quot;:&quot;classic&quot;}\">\n\t\t\t\t\t<div class=\"e-con-inner\">\n\t\t<div class=\"elementor-element elementor-element-477da57 e-flex e-con-boxed e-con e-child\" data-id=\"477da57\" data-element_type=\"container\">\n\t\t\t\t\t<div class=\"e-con-inner\">\n\t\t\t\t<div class=\"elementor-element elementor-element-bf6d952 elementor-widget elementor-widget-heading\" data-id=\"bf6d952\" data-element_type=\"widget\" data-widget_type=\"heading.default\">\n\t\t\t\t<div class=\"elementor-widget-container\">\n\t\t\t\t\t<h2 class=\"elementor-heading-title elementor-size-default\">Eventos<\/h2>\t\t\t\t<\/div>\n\t\t\t\t<\/div>\n\t\t\t\t<div class=\"elementor-element elementor-element-9a7efae elementor-widget elementor-widget-text-editor\" data-id=\"9a7efae\" data-element_type=\"widget\" data-widget_type=\"text-editor.default\">\n\t\t\t\t<div class=\"elementor-widget-container\">\n\t\t\t\t\t\t\t\t\t<p>Disfruta de nuestro espacio tambi\u00e9n para <strong>eventos empresariales y celebraciones<\/strong>. No te pierdas la oportunidad de vivir esta experiencia con <strong>16 pistas, 4 mesas de billar y una excelente oferta de comidas y bebidas.<\/strong><\/p>\t\t\t\t\t\t\t\t<\/div>\n\t\t\t\t<\/div>\n\t\t<div class=\"elementor-element elementor-element-ae03932 e-flex e-con-boxed e-con e-child\" data-id=\"ae03932\" data-element_type=\"container\">\n\t\t\t\t\t<div class=\"e-con-inner\">\n\t\t<div class=\"elementor-element elementor-element-8bd1508 e-con-full e-flex e-con e-child\" data-id=\"8bd1508\" data-element_type=\"container\" data-settings=\"{&quot;background_background&quot;:&quot;classic&quot;}\">\n\t\t\t\t<div class=\"elementor-element elementor-element-d29e498 elementor-widget elementor-widget-heading\" data-id=\"d29e498\" data-element_type=\"widget\" data-widget_type=\"heading.default\">\n\t\t\t\t<div class=\"elementor-widget-container\">\n\t\t\t\t\t<h2 class=\"elementor-heading-title elementor-size-default\">Escuela de Bolos<\/h2>\t\t\t\t<\/div>\n\t\t\t\t<\/div>\n\t\t\t\t<div class=\"elementor-element elementor-element-f31cdd5 elementor-widget__width-inherit elementor-widget elementor-widget-image\" data-id=\"f31cdd5\" data-element_type=\"widget\" data-widget_type=\"image.default\">\n\t\t\t\t<div class=\"elementor-widget-container\">\n\t\t\t\t\t\t\t\t\t\t\t\t\t\t\t<img fetchpriority=\"high\" decoding=\"async\" width=\"332\" height=\"274\" src=\"https:\/\/boleramayorca.com\/wp-content\/uploads\/2024\/04\/Evento1.png\" class=\"attachment-2048x2048 size-2048x2048 wp-image-2713\" alt=\"\" \/>\t\t\t\t\t\t\t\t\t\t\t\t\t\t\t<\/div>\n\t\t\t\t<\/div>\n\t\t\t\t<div class=\"elementor-element elementor-element-20fd8e0 elementor-align-center elementor-widget elementor-widget-button\" data-id=\"20fd8e0\" data-element_type=\"widget\" data-widget_type=\"button.default\">\n\t\t\t\t<div class=\"elementor-widget-container\">\n\t\t\t\t\t\t\t\t\t<div class=\"elementor-button-wrapper\">\n\t\t\t\t\t<a class=\"elementor-button elementor-button-link elementor-size-sm\" href=\"https:\/\/boleramayorca.com\/en\/eventos-bolera-mayorca\/escuela-de-bolos\/\">\n\t\t\t\t\t\t<span class=\"elementor-button-content-wrapper\">\n\t\t\t\t\t\t\t\t\t<span class=\"elementor-button-text\">Ver evento<\/span>\n\t\t\t\t\t<\/span>\n\t\t\t\t\t<\/a>\n\t\t\t\t<\/div>\n\t\t\t\t\t\t\t\t<\/div>\n\t\t\t\t<\/div>\n\t\t\t\t<\/div>\n\t\t\t\t\t<\/div>\n\t\t\t\t<\/div>\n\t\t\t\t\t<\/div>\n\t\t\t\t<\/div>\n\t\t\t\t\t<\/div>\n\t\t\t\t<\/div>\n\t\t<div class=\"elementor-element elementor-element-83d4b5f elementor-hidden-desktop e-flex e-con-boxed e-con e-parent\" data-id=\"83d4b5f\" data-element_type=\"container\" data-settings=\"{&quot;background_background&quot;:&quot;classic&quot;}\">\n\t\t\t\t\t<div class=\"e-con-inner\">\n\t\t<div class=\"elementor-element elementor-element-611c9b5 e-flex e-con-boxed e-con e-child\" data-id=\"611c9b5\" data-element_type=\"container\">\n\t\t\t\t\t<div class=\"e-con-inner\">\n\t\t\t\t<div class=\"elementor-element elementor-element-ae54f09 elementor-widget elementor-widget-heading\" data-id=\"ae54f09\" data-element_type=\"widget\" data-widget_type=\"heading.default\">\n\t\t\t\t<div class=\"elementor-widget-container\">\n\t\t\t\t\t<h2 class=\"elementor-heading-title elementor-size-default\">Eventos<\/h2>\t\t\t\t<\/div>\n\t\t\t\t<\/div>\n\t\t\t\t<div class=\"elementor-element elementor-element-28c517c elementor-widget elementor-widget-text-editor\" data-id=\"28c517c\" data-element_type=\"widget\" data-widget_type=\"text-editor.default\">\n\t\t\t\t<div class=\"elementor-widget-container\">\n\t\t\t\t\t\t\t\t\t<p>Disfruta de nuestro espacio tambi\u00e9n para <strong>eventos empresariales y celebraciones<\/strong>. No te pierdas la oportunidad de vivir esta experiencia con <strong>16 pistas, 4 mesas de billar y una excelente oferta de comidas y bebidas.<\/strong><\/p>\t\t\t\t\t\t\t\t<\/div>\n\t\t\t\t<\/div>\n\t\t<div class=\"elementor-element elementor-element-0f27f71 e-flex e-con-boxed e-con e-child\" data-id=\"0f27f71\" data-element_type=\"container\" data-settings=\"{&quot;motion_fx_motion_fx_scrolling&quot;:&quot;yes&quot;,&quot;motion_fx_devices&quot;:[&quot;tablet&quot;,&quot;mobile&quot;]}\">\n\t\t\t\t\t<div class=\"e-con-inner\">\n\t\t<div class=\"elementor-element elementor-element-57a7c34 e-con-full e-flex e-con e-child\" data-id=\"57a7c34\" data-element_type=\"container\" data-settings=\"{&quot;background_background&quot;:&quot;classic&quot;}\">\n\t\t\t\t<div class=\"elementor-element elementor-element-d34c2b4 elementor-widget elementor-widget-heading\" data-id=\"d34c2b4\" data-element_type=\"widget\" data-widget_type=\"heading.default\">\n\t\t\t\t<div class=\"elementor-widget-container\">\n\t\t\t\t\t<h2 class=\"elementor-heading-title elementor-size-default\">Escuela de Bolos<\/h2>\t\t\t\t<\/div>\n\t\t\t\t<\/div>\n\t\t\t\t<div class=\"elementor-element elementor-element-bf3ffc7 elementor-widget__width-inherit elementor-widget elementor-widget-image\" data-id=\"bf3ffc7\" data-element_type=\"widget\" data-widget_type=\"image.default\">\n\t\t\t\t<div class=\"elementor-widget-container\">\n\t\t\t\t\t\t\t\t\t\t\t\t\t\t\t<img fetchpriority=\"high\" decoding=\"async\" width=\"332\" height=\"274\" src=\"https:\/\/boleramayorca.com\/wp-content\/uploads\/2024\/04\/Evento1.png\" class=\"attachment-2048x2048 size-2048x2048 wp-image-2713\" alt=\"\" \/>\t\t\t\t\t\t\t\t\t\t\t\t\t\t\t<\/div>\n\t\t\t\t<\/div>\n\t\t\t\t<div class=\"elementor-element elementor-element-060cc2d elementor-align-center elementor-widget elementor-widget-button\" data-id=\"060cc2d\" data-element_type=\"widget\" data-widget_type=\"button.default\">\n\t\t\t\t<div class=\"elementor-widget-container\">\n\t\t\t\t\t\t\t\t\t<div class=\"elementor-button-wrapper\">\n\t\t\t\t\t<a class=\"elementor-button elementor-button-link elementor-size-sm\" href=\"#\">\n\t\t\t\t\t\t<span class=\"elementor-button-content-wrapper\">\n\t\t\t\t\t\t\t\t\t<span class=\"elementor-button-text\">Ver evento<\/span>\n\t\t\t\t\t<\/span>\n\t\t\t\t\t<\/a>\n\t\t\t\t<\/div>\n\t\t\t\t\t\t\t\t<\/div>\n\t\t\t\t<\/div>\n\t\t\t\t<\/div>\n\t\t\t\t\t<\/div>\n\t\t\t\t<\/div>\n\t\t\t\t\t<\/div>\n\t\t\t\t<\/div>\n\t\t\t\t\t<\/div>\n\t\t\t\t<\/div>\n\t\t\t\t<\/div>","protected":false},"excerpt":{"rendered":"<p>Eventos Disfruta de nuestro espacio tambi\u00e9n para eventos empresariales y celebraciones. No te pierdas la oportunidad de vivir esta experiencia [&hellip;]<\/p>","protected":false},"author":1,"featured_media":0,"parent":0,"menu_order":0,"comment_status":"closed","ping_status":"closed","template":"","meta":{"_uag_custom_page_level_css":"","site-sidebar-layout":"no-sidebar","site-content-layout":"","ast-site-content-layout":"full-width-container","site-content-style":"default","site-sidebar-style":"default","ast-global-header-display":"","ast-banner-title-visibility":"","ast-main-header-display":"","ast-hfb-above-header-display":"","ast-hfb-below-header-display":"","ast-hfb-mobile-header-display":"","site-post-title":"disabled","ast-breadcrumbs-content":"","ast-featured-img":"disabled","footer-sml-layout":"","theme-transparent-header-meta":"","adv-header-id-meta":"","stick-header-meta":"","header-above-stick-meta":"","header-main-stick-meta":"","header-below-stick-meta":"","astra-migrate-meta-layouts":"default","ast-page-background-enabled":"default","ast-page-background-meta":{"desktop":{"background-color":"var(--ast-global-color-4)","background-image":"","background-repeat":"repeat","background-position":"center center","background-size":"auto","background-attachment":"scroll","background-type":"","background-media":"","overlay-type":"","overlay-color":"","overlay-opacity":"","overlay-gradient":""},"tablet":{"background-color":"","background-image":"","background-repeat":"repeat","background-position":"center center","background-size":"auto","background-attachment":"scroll","background-type":"","background-media":"","overlay-type":"","overlay-color":"","overlay-opacity":"","overlay-gradient":""},"mobile":{"background-color":"","background-image":"","background-repeat":"repeat","background-position":"center center","background-size":"auto","background-attachment":"scroll","background-type":"","background-media":"","overlay-type":"","overlay-color":"","overlay-opacity":"","overlay-gradient":""}},"ast-content-background-meta":{"desktop":{"background-color":"var(--ast-global-color-5)","background-image":"","background-repeat":"repeat","background-position":"center center","background-size":"auto","background-attachment":"scroll","background-type":"","background-media":"","overlay-type":"","overlay-color":"","overlay-opacity":"","overlay-gradient":""},"tablet":{"background-color":"var(--ast-global-color-5)","background-image":"","background-repeat":"repeat","background-position":"center center","background-size":"auto","background-attachment":"scroll","background-type":"","background-media":"","overlay-type":"","overlay-color":"","overlay-opacity":"","overlay-gradient":""},"mobile":{"background-color":"var(--ast-global-color-5)","background-image":"","background-repeat":"repeat","background-position":"center center","background-size":"auto","background-attachment":"scroll","background-type":"","background-media":"","overlay-type":"","overlay-color":"","overlay-opacity":"","overlay-gradient":""}},"footnotes":""},"class_list":["post-2703","page","type-page","status-publish","hentry"],"yoast_head":"<!-- This site is optimized with the Yoast SEO plugin v25.4 - https:\/\/yoast.com\/wordpress\/plugins\/seo\/ -->\n<title>Eventos - Bolera Mayorca<\/title>\n<meta name=\"description\" content=\"En el centro comercial Mayorca tenemos la \u00fanica bolera tem\u00e1tica de la ciudad, que evoca las grandes metr\u00f3polis del mundo como Londres, Par\u00eds, Nueva York y Hong Kong; por lo que podr\u00e1s disfrutar de un plan internacional con tus amigos sin necesidad de salir de Medell\u00edn.\" \/>\n<meta name=\"robots\" content=\"index, follow, max-snippet:-1, max-image-preview:large, max-video-preview:-1\" \/>\n<link rel=\"canonical\" href=\"https:\/\/boleramayorca.com\/en\/eventos-bolera-mayorca\/\" \/>\n<meta property=\"og:locale\" content=\"en_US\" \/>\n<meta property=\"og:type\" content=\"article\" \/>\n<meta property=\"og:title\" content=\"Eventos - Bolera Mayorca\" \/>\n<meta property=\"og:description\" content=\"En el centro comercial Mayorca tenemos la \u00fanica bolera tem\u00e1tica de la ciudad, que evoca las grandes metr\u00f3polis del mundo como Londres, Par\u00eds, Nueva York y Hong Kong; por lo que podr\u00e1s disfrutar de un plan internacional con tus amigos sin necesidad de salir de Medell\u00edn.\" \/>\n<meta property=\"og:url\" content=\"https:\/\/boleramayorca.com\/en\/eventos-bolera-mayorca\/\" \/>\n<meta property=\"og:site_name\" content=\"Bolera Mayorca\" \/>\n<meta property=\"article:modified_time\" content=\"2024-08-29T15:00:10+00:00\" \/>\n<meta property=\"og:image\" content=\"https:\/\/boleramayorca.com\/wp-content\/uploads\/2024\/04\/Evento1.png\" \/>\n<meta name=\"twitter:card\" content=\"summary_large_image\" \/>\n<meta name=\"twitter:label1\" content=\"Est. reading time\" \/>\n\t<meta name=\"twitter:data1\" content=\"1 minute\" \/>\n<script type=\"application\/ld+json\" class=\"yoast-schema-graph\">{\"@context\":\"https:\/\/schema.org\",\"@graph\":[{\"@type\":\"WebPage\",\"@id\":\"https:\/\/boleramayorca.com\/eventos-bolera-mayorca\/\",\"url\":\"https:\/\/boleramayorca.com\/eventos-bolera-mayorca\/\",\"name\":\"Eventos - Bolera Mayorca\",\"isPartOf\":{\"@id\":\"https:\/\/boleramayorca.com\/#website\"},\"primaryImageOfPage\":{\"@id\":\"https:\/\/boleramayorca.com\/eventos-bolera-mayorca\/#primaryimage\"},\"image\":{\"@id\":\"https:\/\/boleramayorca.com\/eventos-bolera-mayorca\/#primaryimage\"},\"thumbnailUrl\":\"https:\/\/boleramayorca.com\/wp-content\/uploads\/2024\/04\/Evento1.png\",\"datePublished\":\"2024-04-02T21:17:33+00:00\",\"dateModified\":\"2024-08-29T15:00:10+00:00\",\"description\":\"En el centro comercial Mayorca tenemos la \u00fanica bolera tem\u00e1tica de la ciudad, que evoca las grandes metr\u00f3polis del mundo como Londres, Par\u00eds, Nueva York y Hong Kong; por lo que podr\u00e1s disfrutar de un plan internacional con tus amigos sin necesidad de salir de Medell\u00edn.\",\"breadcrumb\":{\"@id\":\"https:\/\/boleramayorca.com\/eventos-bolera-mayorca\/#breadcrumb\"},\"inLanguage\":\"en-US\",\"potentialAction\":[{\"@type\":\"ReadAction\",\"target\":[\"https:\/\/boleramayorca.com\/eventos-bolera-mayorca\/\"]}]},{\"@type\":\"ImageObject\",\"inLanguage\":\"en-US\",\"@id\":\"https:\/\/boleramayorca.com\/eventos-bolera-mayorca\/#primaryimage\",\"url\":\"https:\/\/boleramayorca.com\/wp-content\/uploads\/2024\/04\/Evento1.png\",\"contentUrl\":\"https:\/\/boleramayorca.com\/wp-content\/uploads\/2024\/04\/Evento1.png\"},{\"@type\":\"BreadcrumbList\",\"@id\":\"https:\/\/boleramayorca.com\/eventos-bolera-mayorca\/#breadcrumb\",\"itemListElement\":[{\"@type\":\"ListItem\",\"position\":1,\"name\":\"Inicio\",\"item\":\"https:\/\/boleramayorca.com\/\"},{\"@type\":\"ListItem\",\"position\":2,\"name\":\"Eventos\"}]},{\"@type\":\"WebSite\",\"@id\":\"https:\/\/boleramayorca.com\/#website\",\"url\":\"https:\/\/boleramayorca.com\/\",\"name\":\"Bolera Mayorca\",\"description\":\"En el centro comercial Mayorca tenemos la &uacute;nica bolera tem&aacute;tica de la ciudad, que evoca las grandes metr&oacute;polis del mundo como Londres, Par&iacute;s, Nueva York y Hong Kong; por lo que podr&aacute;s disfrutar de un plan internacional con tus amigos sin necesidad de salir de Medell&iacute;n.\",\"potentialAction\":[{\"@type\":\"SearchAction\",\"target\":{\"@type\":\"EntryPoint\",\"urlTemplate\":\"https:\/\/boleramayorca.com\/?s={search_term_string}\"},\"query-input\":{\"@type\":\"PropertyValueSpecification\",\"valueRequired\":true,\"valueName\":\"search_term_string\"}}],\"inLanguage\":\"en-US\"}]}<\/script>\n<!-- \/ Yoast SEO plugin. -->","yoast_head_json":{"title":"Eventos - Bolera Mayorca","description":"En el centro comercial Mayorca tenemos la \u00fanica bolera tem\u00e1tica de la ciudad, que evoca las grandes metr\u00f3polis del mundo como Londres, Par\u00eds, Nueva York y Hong Kong; por lo que podr\u00e1s disfrutar de un plan internacional con tus amigos sin necesidad de salir de Medell\u00edn.","robots":{"index":"index","follow":"follow","max-snippet":"max-snippet:-1","max-image-preview":"max-image-preview:large","max-video-preview":"max-video-preview:-1"},"canonical":"https:\/\/boleramayorca.com\/en\/eventos-bolera-mayorca\/","og_locale":"en_US","og_type":"article","og_title":"Eventos - Bolera Mayorca","og_description":"En el centro comercial Mayorca tenemos la \u00fanica bolera tem\u00e1tica de la ciudad, que evoca las grandes metr\u00f3polis del mundo como Londres, Par\u00eds, Nueva York y Hong Kong; por lo que podr\u00e1s disfrutar de un plan internacional con tus amigos sin necesidad de salir de Medell\u00edn.","og_url":"https:\/\/boleramayorca.com\/en\/eventos-bolera-mayorca\/","og_site_name":"Bolera Mayorca","article_modified_time":"2024-08-29T15:00:10+00:00","og_image":[{"url":"https:\/\/boleramayorca.com\/wp-content\/uploads\/2024\/04\/Evento1.png","type":"","width":"","height":""}],"twitter_card":"summary_large_image","twitter_misc":{"Est. reading time":"1 minute"},"schema":{"@context":"https:\/\/schema.org","@graph":[{"@type":"WebPage","@id":"https:\/\/boleramayorca.com\/eventos-bolera-mayorca\/","url":"https:\/\/boleramayorca.com\/eventos-bolera-mayorca\/","name":"Eventos - Bolera Mayorca","isPartOf":{"@id":"https:\/\/boleramayorca.com\/#website"},"primaryImageOfPage":{"@id":"https:\/\/boleramayorca.com\/eventos-bolera-mayorca\/#primaryimage"},"image":{"@id":"https:\/\/boleramayorca.com\/eventos-bolera-mayorca\/#primaryimage"},"thumbnailUrl":"https:\/\/boleramayorca.com\/wp-content\/uploads\/2024\/04\/Evento1.png","datePublished":"2024-04-02T21:17:33+00:00","dateModified":"2024-08-29T15:00:10+00:00","description":"En el centro comercial Mayorca tenemos la \u00fanica bolera tem\u00e1tica de la ciudad, que evoca las grandes metr\u00f3polis del mundo como Londres, Par\u00eds, Nueva York y Hong Kong; por lo que podr\u00e1s disfrutar de un plan internacional con tus amigos sin necesidad de salir de Medell\u00edn.","breadcrumb":{"@id":"https:\/\/boleramayorca.com\/eventos-bolera-mayorca\/#breadcrumb"},"inLanguage":"en-US","potentialAction":[{"@type":"ReadAction","target":["https:\/\/boleramayorca.com\/eventos-bolera-mayorca\/"]}]},{"@type":"ImageObject","inLanguage":"en-US","@id":"https:\/\/boleramayorca.com\/eventos-bolera-mayorca\/#primaryimage","url":"https:\/\/boleramayorca.com\/wp-content\/uploads\/2024\/04\/Evento1.png","contentUrl":"https:\/\/boleramayorca.com\/wp-content\/uploads\/2024\/04\/Evento1.png"},{"@type":"BreadcrumbList","@id":"https:\/\/boleramayorca.com\/eventos-bolera-mayorca\/#breadcrumb","itemListElement":[{"@type":"ListItem","position":1,"name":"Inicio","item":"https:\/\/boleramayorca.com\/"},{"@type":"ListItem","position":2,"name":"Eventos"}]},{"@type":"WebSite","@id":"https:\/\/boleramayorca.com\/#website","url":"https:\/\/boleramayorca.com\/","name":"Bolera Mayorca","description":"En el centro comercial Mayorca tenemos la &uacute;nica bolera tem&aacute;tica de la ciudad, que evoca las grandes metr&oacute;polis del mundo como Londres, Par&iacute;s, Nueva York y Hong Kong; por lo que podr&aacute;s disfrutar de un plan internacional con tus amigos sin necesidad de salir de Medell&iacute;n.","potentialAction":[{"@type":"SearchAction","target":{"@type":"EntryPoint","urlTemplate":"https:\/\/boleramayorca.com\/?s={search_term_string}"},"query-input":{"@type":"PropertyValueSpecification","valueRequired":true,"valueName":"search_term_string"}}],"inLanguage":"en-US"}]}},"uagb_featured_image_src":{"full":false,"thumbnail":false,"medium":false,"medium_large":false,"large":false,"1536x1536":false,"2048x2048":false,"trp-custom-language-flag":false},"uagb_author_info":{"display_name":"Bolera","author_link":"https:\/\/boleramayorca.com\/en\/author\/bolera\/"},"uagb_comment_info":0,"uagb_excerpt":"Eventos Disfruta de nuestro espacio tambi\u00e9n para eventos empresariales y celebraciones. No te pierdas la oportunidad de vivir esta experiencia [&hellip;]","_links":{"self":[{"href":"https:\/\/boleramayorca.com\/en\/wp-json\/wp\/v2\/pages\/2703","targetHints":{"allow":["GET"]}}],"collection":[{"href":"https:\/\/boleramayorca.com\/en\/wp-json\/wp\/v2\/pages"}],"about":[{"href":"https:\/\/boleramayorca.com\/en\/wp-json\/wp\/v2\/types\/page"}],"author":[{"embeddable":true,"href":"https:\/\/boleramayorca.com\/en\/wp-json\/wp\/v2\/users\/1"}],"replies":[{"embeddable":true,"href":"https:\/\/boleramayorca.com\/en\/wp-json\/wp\/v2\/comments?post=2703"}],"version-history":[{"count":64,"href":"https:\/\/boleramayorca.com\/en\/wp-json\/wp\/v2\/pages\/2703\/revisions"}],"predecessor-version":[{"id":3584,"href":"https:\/\/boleramayorca.com\/en\/wp-json\/wp\/v2\/pages\/2703\/revisions\/3584"}],"wp:attachment":[{"href":"https:\/\/boleramayorca.com\/en\/wp-json\/wp\/v2\/media?parent=2703"}],"curies":[{"name":"wp","href":"https:\/\/api.w.org\/{rel}","templated":true}]}}