{"id":3524,"date":"2024-08-28T15:09:49","date_gmt":"2024-08-28T20:09:49","guid":{"rendered":"https:\/\/boleramayorca.com\/?page_id=3524"},"modified":"2026-04-16T11:45:05","modified_gmt":"2026-04-16T16:45:05","slug":"escuela-de-bolos","status":"publish","type":"page","link":"https:\/\/boleramayorca.com\/en\/eventos-bolera-mayorca\/escuela-de-bolos\/","title":{"rendered":"Escuela de Bolos Bolera Mayorca"},"content":{"rendered":"<div data-elementor-type=\"wp-page\" data-elementor-id=\"3524\" class=\"elementor elementor-3524\" data-elementor-post-type=\"page\">\n\t\t\t\t<div class=\"elementor-element elementor-element-e96c0dc e-flex e-con-boxed e-con e-parent\" data-id=\"e96c0dc\" data-element_type=\"container\" data-settings=\"{&quot;background_background&quot;:&quot;classic&quot;}\">\n\t\t\t\t\t<div class=\"e-con-inner\">\n\t\t<div class=\"elementor-element elementor-element-f37eac0 e-con-full e-flex e-con e-child\" data-id=\"f37eac0\" data-element_type=\"container\">\n\t\t\t\t<div class=\"elementor-element elementor-element-0a3157f elementor-widget elementor-widget-image\" data-id=\"0a3157f\" data-element_type=\"widget\" data-widget_type=\"image.default\">\n\t\t\t\t<div class=\"elementor-widget-container\">\n\t\t\t\t\t\t\t\t\t\t\t\t\t\t\t<img fetchpriority=\"high\" decoding=\"async\" width=\"2560\" height=\"2125\" src=\"https:\/\/boleramayorca.com\/wp-content\/uploads\/2024\/08\/Aprende-con-los-mejores-y-Vive-la-Experiencia-de-Escuela-de-Bolos-Bolera-Mayorca-en-el-centro-comercial-Mayorca-scaled.jpg\" class=\"attachment-full size-full wp-image-3530\" alt=\"\" srcset=\"https:\/\/boleramayorca.com\/wp-content\/uploads\/2024\/08\/Aprende-con-los-mejores-y-Vive-la-Experiencia-de-Escuela-de-Bolos-Bolera-Mayorca-en-el-centro-comercial-Mayorca-scaled.jpg 2560w, https:\/\/boleramayorca.com\/wp-content\/uploads\/2024\/08\/Aprende-con-los-mejores-y-Vive-la-Experiencia-de-Escuela-de-Bolos-Bolera-Mayorca-en-el-centro-comercial-Mayorca-300x249.jpg 300w, https:\/\/boleramayorca.com\/wp-content\/uploads\/2024\/08\/Aprende-con-los-mejores-y-Vive-la-Experiencia-de-Escuela-de-Bolos-Bolera-Mayorca-en-el-centro-comercial-Mayorca-1024x850.jpg 1024w, https:\/\/boleramayorca.com\/wp-content\/uploads\/2024\/08\/Aprende-con-los-mejores-y-Vive-la-Experiencia-de-Escuela-de-Bolos-Bolera-Mayorca-en-el-centro-comercial-Mayorca-768x638.jpg 768w, https:\/\/boleramayorca.com\/wp-content\/uploads\/2024\/08\/Aprende-con-los-mejores-y-Vive-la-Experiencia-de-Escuela-de-Bolos-Bolera-Mayorca-en-el-centro-comercial-Mayorca-1536x1275.jpg 1536w, https:\/\/boleramayorca.com\/wp-content\/uploads\/2024\/08\/Aprende-con-los-mejores-y-Vive-la-Experiencia-de-Escuela-de-Bolos-Bolera-Mayorca-en-el-centro-comercial-Mayorca-2048x1700.jpg 2048w, https:\/\/boleramayorca.com\/wp-content\/uploads\/2024\/08\/Aprende-con-los-mejores-y-Vive-la-Experiencia-de-Escuela-de-Bolos-Bolera-Mayorca-en-el-centro-comercial-Mayorca-14x12.jpg 14w\" sizes=\"(max-width: 2560px) 100vw, 2560px\" \/>\t\t\t\t\t\t\t\t\t\t\t\t\t\t\t<\/div>\n\t\t\t\t<\/div>\n\t\t\t\t<\/div>\n\t\t<div class=\"elementor-element elementor-element-6d4414e e-con-full e-flex e-con e-child\" data-id=\"6d4414e\" data-element_type=\"container\">\n\t\t\t\t<div class=\"elementor-element elementor-element-931bdce elementor-widget elementor-widget-image\" data-id=\"931bdce\" data-element_type=\"widget\" data-widget_type=\"image.default\">\n\t\t\t\t<div class=\"elementor-widget-container\">\n\t\t\t\t\t\t\t\t\t\t\t\t\t\t\t<img decoding=\"async\" width=\"656\" height=\"316\" src=\"https:\/\/boleramayorca.com\/wp-content\/uploads\/2026\/01\/logo-escuela-de-bolos.png\" class=\"attachment-large size-large wp-image-4250\" alt=\"\" srcset=\"https:\/\/boleramayorca.com\/wp-content\/uploads\/2026\/01\/logo-escuela-de-bolos.png 656w, https:\/\/boleramayorca.com\/wp-content\/uploads\/2026\/01\/logo-escuela-de-bolos-300x145.png 300w, https:\/\/boleramayorca.com\/wp-content\/uploads\/2026\/01\/logo-escuela-de-bolos-18x9.png 18w\" sizes=\"(max-width: 656px) 100vw, 656px\" \/>\t\t\t\t\t\t\t\t\t\t\t\t\t\t\t<\/div>\n\t\t\t\t<\/div>\n\t\t\t\t<div class=\"elementor-element elementor-element-a173113 elementor-widget elementor-widget-text-editor\" data-id=\"a173113\" data-element_type=\"widget\" data-widget_type=\"text-editor.default\">\n\t\t\t\t<div class=\"elementor-widget-container\">\n\t\t\t\t\t\t\t\t\t<p>Un espacio donde ni\u00f1os y adultos <strong>aprender\u00e1n junto a expertos todas las t\u00e9cnica<\/strong> con las que estamos seguros sorprender\u00e1n a amigos y familiares.<\/p>\t\t\t\t\t\t\t\t<\/div>\n\t\t\t\t<\/div>\n\t\t\t\t<div class=\"elementor-element elementor-element-ab6afba elementor-widget elementor-widget-image\" data-id=\"ab6afba\" data-element_type=\"widget\" data-widget_type=\"image.default\">\n\t\t\t\t<div class=\"elementor-widget-container\">\n\t\t\t\t\t\t\t\t\t\t\t\t\t\t\t<img decoding=\"async\" width=\"300\" height=\"35\" src=\"https:\/\/boleramayorca.com\/wp-content\/uploads\/2026\/01\/boton-inscripciones-300x35.png\" class=\"attachment-medium size-medium wp-image-4251\" alt=\"\" srcset=\"https:\/\/boleramayorca.com\/wp-content\/uploads\/2026\/01\/boton-inscripciones-300x35.png 300w, https:\/\/boleramayorca.com\/wp-content\/uploads\/2026\/01\/boton-inscripciones-18x2.png 18w, https:\/\/boleramayorca.com\/wp-content\/uploads\/2026\/01\/boton-inscripciones.png 532w\" sizes=\"(max-width: 300px) 100vw, 300px\" \/>\t\t\t\t\t\t\t\t\t\t\t\t\t\t\t<\/div>\n\t\t\t\t<\/div>\n\t\t\t\t<\/div>\n\t\t\t\t\t<\/div>\n\t\t\t\t<\/div>\n\t\t<div class=\"elementor-element elementor-element-f652dbe e-flex e-con-boxed e-con e-parent\" data-id=\"f652dbe\" data-element_type=\"container\" data-settings=\"{&quot;background_background&quot;:&quot;classic&quot;}\">\n\t\t\t\t\t<div class=\"e-con-inner\">\n\t\t<div class=\"elementor-element elementor-element-1d12e23 e-con-full e-flex e-con e-child\" data-id=\"1d12e23\" data-element_type=\"container\" data-settings=\"{&quot;background_background&quot;:&quot;classic&quot;}\">\n\t\t\t\t<div class=\"elementor-element elementor-element-c3463c5 elementor-widget elementor-widget-image\" data-id=\"c3463c5\" data-element_type=\"widget\" data-widget_type=\"image.default\">\n\t\t\t\t<div class=\"elementor-widget-container\">\n\t\t\t\t\t\t\t\t\t\t\t\t\t\t\t<img loading=\"lazy\" decoding=\"async\" width=\"435\" height=\"405\" src=\"https:\/\/boleramayorca.com\/wp-content\/uploads\/2024\/08\/Bolito-Bolera-Mayorca-centro-comercial-Mayorca.gif\" class=\"attachment-full size-full wp-image-3577\" alt=\"\" \/>\t\t\t\t\t\t\t\t\t\t\t\t\t\t\t<\/div>\n\t\t\t\t<\/div>\n\t\t\t\t<\/div>\n\t\t<div class=\"elementor-element elementor-element-046723b e-con-full e-flex e-con e-child\" data-id=\"046723b\" data-element_type=\"container\" data-settings=\"{&quot;background_background&quot;:&quot;classic&quot;}\">\n\t\t\t\t<div class=\"elementor-element elementor-element-5063c42 elementor-widget__width-initial elementor-widget elementor-widget-text-editor\" data-id=\"5063c42\" data-element_type=\"widget\" data-widget_type=\"text-editor.default\">\n\t\t\t\t<div class=\"elementor-widget-container\">\n\t\t\t\t\t\t\t\t\t<p><strong>Nuestros instructores son profesionales <\/strong>\u00a0(se har\u00e1 seguimiento deportivo y se entrega certificado al finalizar los 6 niveles)<br \/><strong>Curso de 8 sesiones de 1 hora cada una, dirigida a personas de los 6 a\u00f1os en adelante.<br \/><\/strong><strong>Valor nivel:<\/strong> $300.000<br \/><strong>Incluye:<\/strong> Obsequio, zapatos y medias.<br \/><strong>Iniciamos clases el s\u00e1bado 25 de abril 2026.<\/strong><\/p><p><strong>\u00a1Preg\u00fantanos por el horario de tu nivel!<\/strong><\/p>\t\t\t\t\t\t\t\t<\/div>\n\t\t\t\t<\/div>\n\t\t\t\t<div class=\"elementor-element elementor-element-e04a9a6 elementor-align-left elementor-widget elementor-widget-button\" data-id=\"e04a9a6\" data-element_type=\"widget\" data-widget_type=\"button.default\">\n\t\t\t\t<div class=\"elementor-widget-container\">\n\t\t\t\t\t\t\t\t\t<div class=\"elementor-button-wrapper\">\n\t\t\t\t\t<a class=\"elementor-button elementor-button-link elementor-size-sm\" href=\"https:\/\/forms.cloud.microsoft\/r\/4DgwnynywV\">\n\t\t\t\t\t\t<span class=\"elementor-button-content-wrapper\">\n\t\t\t\t\t\t\t\t\t<span class=\"elementor-button-text\">Inscr\u00edbete aqu\u00ed<\/span>\n\t\t\t\t\t<\/span>\n\t\t\t\t\t<\/a>\n\t\t\t\t<\/div>\n\t\t\t\t\t\t\t\t<\/div>\n\t\t\t\t<\/div>\n\t\t\t\t<\/div>\n\t\t\t\t\t<\/div>\n\t\t\t\t<\/div>\n\t\t\t\t<\/div>","protected":false},"excerpt":{"rendered":"<p>Un espacio donde ni\u00f1os y adultos aprender\u00e1n junto a expertos todas las t\u00e9cnica con las que estamos seguros sorprender\u00e1n a [&hellip;]<\/p>","protected":false},"author":2,"featured_media":0,"parent":2703,"menu_order":0,"comment_status":"closed","ping_status":"closed","template":"","meta":{"_uag_custom_page_level_css":"","site-sidebar-layout":"no-sidebar","site-content-layout":"","ast-site-content-layout":"full-width-container","site-content-style":"default","site-sidebar-style":"default","ast-global-header-display":"","ast-banner-title-visibility":"","ast-main-header-display":"","ast-hfb-above-header-display":"","ast-hfb-below-header-display":"","ast-hfb-mobile-header-display":"","site-post-title":"disabled","ast-breadcrumbs-content":"","ast-featured-img":"disabled","footer-sml-layout":"","theme-transparent-header-meta":"","adv-header-id-meta":"","stick-header-meta":"","header-above-stick-meta":"","header-main-stick-meta":"","header-below-stick-meta":"","astra-migrate-meta-layouts":"default","ast-page-background-enabled":"default","ast-page-background-meta":{"desktop":{"background-color":"var(--ast-global-color-4)","background-image":"","background-repeat":"repeat","background-position":"center center","background-size":"auto","background-attachment":"scroll","background-type":"","background-media":"","overlay-type":"","overlay-color":"","overlay-opacity":"","overlay-gradient":""},"tablet":{"background-color":"","background-image":"","background-repeat":"repeat","background-position":"center center","background-size":"auto","background-attachment":"scroll","background-type":"","background-media":"","overlay-type":"","overlay-color":"","overlay-opacity":"","overlay-gradient":""},"mobile":{"background-color":"","background-image":"","background-repeat":"repeat","background-position":"center center","background-size":"auto","background-attachment":"scroll","background-type":"","background-media":"","overlay-type":"","overlay-color":"","overlay-opacity":"","overlay-gradient":""}},"ast-content-background-meta":{"desktop":{"background-color":"var(--ast-global-color-5)","background-image":"","background-repeat":"repeat","background-position":"center center","background-size":"auto","background-attachment":"scroll","background-type":"","background-media":"","overlay-type":"","overlay-color":"","overlay-opacity":"","overlay-gradient":""},"tablet":{"background-color":"var(--ast-global-color-5)","background-image":"","background-repeat":"repeat","background-position":"center center","background-size":"auto","background-attachment":"scroll","background-type":"","background-media":"","overlay-type":"","overlay-color":"","overlay-opacity":"","overlay-gradient":""},"mobile":{"background-color":"var(--ast-global-color-5)","background-image":"","background-repeat":"repeat","background-position":"center center","background-size":"auto","background-attachment":"scroll","background-type":"","background-media":"","overlay-type":"","overlay-color":"","overlay-opacity":"","overlay-gradient":""}},"footnotes":""},"class_list":["post-3524","page","type-page","status-publish","hentry"],"yoast_head":"<!-- This site is optimized with the Yoast SEO plugin v25.4 - https:\/\/yoast.com\/wordpress\/plugins\/seo\/ -->\n<title>Escuela de Bolos Bolera Mayorca - Bolera Mayorca<\/title>\n<meta name=\"description\" content=\"Escuela de bolos en Medell\u00edn: Clases para todas las edades en la Bolera Mayorca. Mejora tu t\u00e9cnica en un ambiente divertido y profesional. \u00a1Inscr\u00edbete hoy!\" \/>\n<meta name=\"robots\" content=\"index, follow, max-snippet:-1, max-image-preview:large, max-video-preview:-1\" \/>\n<link rel=\"canonical\" href=\"https:\/\/boleramayorca.com\/en\/eventos-bolera-mayorca\/escuela-de-bolos\/\" \/>\n<meta property=\"og:locale\" content=\"en_US\" \/>\n<meta property=\"og:type\" content=\"article\" \/>\n<meta property=\"og:title\" content=\"Escuela de Bolos Bolera Mayorca - Bolera Mayorca\" \/>\n<meta property=\"og:description\" content=\"Escuela de bolos en Medell\u00edn: Clases para todas las edades en la Bolera Mayorca. Mejora tu t\u00e9cnica en un ambiente divertido y profesional. \u00a1Inscr\u00edbete hoy!\" \/>\n<meta property=\"og:url\" content=\"https:\/\/boleramayorca.com\/en\/eventos-bolera-mayorca\/escuela-de-bolos\/\" \/>\n<meta property=\"og:site_name\" content=\"Bolera Mayorca\" \/>\n<meta property=\"article:modified_time\" content=\"2026-04-16T16:45:05+00:00\" \/>\n<meta property=\"og:image\" content=\"https:\/\/boleramayorca.com\/wp-content\/uploads\/2024\/08\/Aprende-con-los-mejores-y-Vive-la-Experiencia-de-Escuela-de-Bolos-Bolera-Mayorca-en-el-centro-comercial-Mayorca-scaled.jpg\" \/>\n\t<meta property=\"og:image:width\" content=\"2560\" \/>\n\t<meta property=\"og:image:height\" content=\"2125\" \/>\n\t<meta property=\"og:image:type\" content=\"image\/jpeg\" \/>\n<meta name=\"twitter:card\" content=\"summary_large_image\" \/>\n<meta name=\"twitter:label1\" content=\"Est. reading time\" \/>\n\t<meta name=\"twitter:data1\" content=\"2 minutes\" \/>\n<script type=\"application\/ld+json\" class=\"yoast-schema-graph\">{\"@context\":\"https:\/\/schema.org\",\"@graph\":[{\"@type\":\"WebPage\",\"@id\":\"https:\/\/boleramayorca.com\/eventos-bolera-mayorca\/escuela-de-bolos\/\",\"url\":\"https:\/\/boleramayorca.com\/eventos-bolera-mayorca\/escuela-de-bolos\/\",\"name\":\"Escuela de Bolos Bolera Mayorca - Bolera Mayorca\",\"isPartOf\":{\"@id\":\"https:\/\/boleramayorca.com\/#website\"},\"primaryImageOfPage\":{\"@id\":\"https:\/\/boleramayorca.com\/eventos-bolera-mayorca\/escuela-de-bolos\/#primaryimage\"},\"image\":{\"@id\":\"https:\/\/boleramayorca.com\/eventos-bolera-mayorca\/escuela-de-bolos\/#primaryimage\"},\"thumbnailUrl\":\"https:\/\/boleramayorca.com\/wp-content\/uploads\/2024\/08\/Aprende-con-los-mejores-y-Vive-la-Experiencia-de-Escuela-de-Bolos-Bolera-Mayorca-en-el-centro-comercial-Mayorca-scaled.jpg\",\"datePublished\":\"2024-08-28T20:09:49+00:00\",\"dateModified\":\"2026-04-16T16:45:05+00:00\",\"description\":\"Escuela de bolos en Medell\u00edn: Clases para todas las edades en la Bolera Mayorca. Mejora tu t\u00e9cnica en un ambiente divertido y profesional. \u00a1Inscr\u00edbete hoy!\",\"breadcrumb\":{\"@id\":\"https:\/\/boleramayorca.com\/eventos-bolera-mayorca\/escuela-de-bolos\/#breadcrumb\"},\"inLanguage\":\"en-US\",\"potentialAction\":[{\"@type\":\"ReadAction\",\"target\":[\"https:\/\/boleramayorca.com\/eventos-bolera-mayorca\/escuela-de-bolos\/\"]}]},{\"@type\":\"ImageObject\",\"inLanguage\":\"en-US\",\"@id\":\"https:\/\/boleramayorca.com\/eventos-bolera-mayorca\/escuela-de-bolos\/#primaryimage\",\"url\":\"https:\/\/boleramayorca.com\/wp-content\/uploads\/2024\/08\/Aprende-con-los-mejores-y-Vive-la-Experiencia-de-Escuela-de-Bolos-Bolera-Mayorca-en-el-centro-comercial-Mayorca-scaled.jpg\",\"contentUrl\":\"https:\/\/boleramayorca.com\/wp-content\/uploads\/2024\/08\/Aprende-con-los-mejores-y-Vive-la-Experiencia-de-Escuela-de-Bolos-Bolera-Mayorca-en-el-centro-comercial-Mayorca-scaled.jpg\"},{\"@type\":\"BreadcrumbList\",\"@id\":\"https:\/\/boleramayorca.com\/eventos-bolera-mayorca\/escuela-de-bolos\/#breadcrumb\",\"itemListElement\":[{\"@type\":\"ListItem\",\"position\":1,\"name\":\"Inicio\",\"item\":\"https:\/\/boleramayorca.com\/\"},{\"@type\":\"ListItem\",\"position\":2,\"name\":\"Eventos\",\"item\":\"https:\/\/boleramayorca.com\/eventos-bolera-mayorca\/\"},{\"@type\":\"ListItem\",\"position\":3,\"name\":\"Escuela de Bolos Bolera Mayorca\"}]},{\"@type\":\"WebSite\",\"@id\":\"https:\/\/boleramayorca.com\/#website\",\"url\":\"https:\/\/boleramayorca.com\/\",\"name\":\"Bolera Mayorca\",\"description\":\"En el centro comercial Mayorca tenemos la &uacute;nica bolera tem&aacute;tica de la ciudad, que evoca las grandes metr&oacute;polis del mundo como Londres, Par&iacute;s, Nueva York y Hong Kong; por lo que podr&aacute;s disfrutar de un plan internacional con tus amigos sin necesidad de salir de Medell&iacute;n.\",\"potentialAction\":[{\"@type\":\"SearchAction\",\"target\":{\"@type\":\"EntryPoint\",\"urlTemplate\":\"https:\/\/boleramayorca.com\/?s={search_term_string}\"},\"query-input\":{\"@type\":\"PropertyValueSpecification\",\"valueRequired\":true,\"valueName\":\"search_term_string\"}}],\"inLanguage\":\"en-US\"}]}<\/script>\n<!-- \/ Yoast SEO plugin. -->","yoast_head_json":{"title":"Escuela de Bolos Bolera Mayorca - Bolera Mayorca","description":"Escuela de bolos en Medell\u00edn: Clases para todas las edades en la Bolera Mayorca. Mejora tu t\u00e9cnica en un ambiente divertido y profesional. \u00a1Inscr\u00edbete hoy!","robots":{"index":"index","follow":"follow","max-snippet":"max-snippet:-1","max-image-preview":"max-image-preview:large","max-video-preview":"max-video-preview:-1"},"canonical":"https:\/\/boleramayorca.com\/en\/eventos-bolera-mayorca\/escuela-de-bolos\/","og_locale":"en_US","og_type":"article","og_title":"Escuela de Bolos Bolera Mayorca - Bolera Mayorca","og_description":"Escuela de bolos en Medell\u00edn: Clases para todas las edades en la Bolera Mayorca. Mejora tu t\u00e9cnica en un ambiente divertido y profesional. \u00a1Inscr\u00edbete hoy!","og_url":"https:\/\/boleramayorca.com\/en\/eventos-bolera-mayorca\/escuela-de-bolos\/","og_site_name":"Bolera Mayorca","article_modified_time":"2026-04-16T16:45:05+00:00","og_image":[{"width":2560,"height":2125,"url":"https:\/\/boleramayorca.com\/wp-content\/uploads\/2024\/08\/Aprende-con-los-mejores-y-Vive-la-Experiencia-de-Escuela-de-Bolos-Bolera-Mayorca-en-el-centro-comercial-Mayorca-scaled.jpg","type":"image\/jpeg"}],"twitter_card":"summary_large_image","twitter_misc":{"Est. reading time":"2 minutes"},"schema":{"@context":"https:\/\/schema.org","@graph":[{"@type":"WebPage","@id":"https:\/\/boleramayorca.com\/eventos-bolera-mayorca\/escuela-de-bolos\/","url":"https:\/\/boleramayorca.com\/eventos-bolera-mayorca\/escuela-de-bolos\/","name":"Escuela de Bolos Bolera Mayorca - Bolera Mayorca","isPartOf":{"@id":"https:\/\/boleramayorca.com\/#website"},"primaryImageOfPage":{"@id":"https:\/\/boleramayorca.com\/eventos-bolera-mayorca\/escuela-de-bolos\/#primaryimage"},"image":{"@id":"https:\/\/boleramayorca.com\/eventos-bolera-mayorca\/escuela-de-bolos\/#primaryimage"},"thumbnailUrl":"https:\/\/boleramayorca.com\/wp-content\/uploads\/2024\/08\/Aprende-con-los-mejores-y-Vive-la-Experiencia-de-Escuela-de-Bolos-Bolera-Mayorca-en-el-centro-comercial-Mayorca-scaled.jpg","datePublished":"2024-08-28T20:09:49+00:00","dateModified":"2026-04-16T16:45:05+00:00","description":"Escuela de bolos en Medell\u00edn: Clases para todas las edades en la Bolera Mayorca. Mejora tu t\u00e9cnica en un ambiente divertido y profesional. \u00a1Inscr\u00edbete hoy!","breadcrumb":{"@id":"https:\/\/boleramayorca.com\/eventos-bolera-mayorca\/escuela-de-bolos\/#breadcrumb"},"inLanguage":"en-US","potentialAction":[{"@type":"ReadAction","target":["https:\/\/boleramayorca.com\/eventos-bolera-mayorca\/escuela-de-bolos\/"]}]},{"@type":"ImageObject","inLanguage":"en-US","@id":"https:\/\/boleramayorca.com\/eventos-bolera-mayorca\/escuela-de-bolos\/#primaryimage","url":"https:\/\/boleramayorca.com\/wp-content\/uploads\/2024\/08\/Aprende-con-los-mejores-y-Vive-la-Experiencia-de-Escuela-de-Bolos-Bolera-Mayorca-en-el-centro-comercial-Mayorca-scaled.jpg","contentUrl":"https:\/\/boleramayorca.com\/wp-content\/uploads\/2024\/08\/Aprende-con-los-mejores-y-Vive-la-Experiencia-de-Escuela-de-Bolos-Bolera-Mayorca-en-el-centro-comercial-Mayorca-scaled.jpg"},{"@type":"BreadcrumbList","@id":"https:\/\/boleramayorca.com\/eventos-bolera-mayorca\/escuela-de-bolos\/#breadcrumb","itemListElement":[{"@type":"ListItem","position":1,"name":"Inicio","item":"https:\/\/boleramayorca.com\/"},{"@type":"ListItem","position":2,"name":"Eventos","item":"https:\/\/boleramayorca.com\/eventos-bolera-mayorca\/"},{"@type":"ListItem","position":3,"name":"Escuela de Bolos Bolera Mayorca"}]},{"@type":"WebSite","@id":"https:\/\/boleramayorca.com\/#website","url":"https:\/\/boleramayorca.com\/","name":"Bolera Mayorca","description":"En el centro comercial Mayorca tenemos la &uacute;nica bolera tem&aacute;tica de la ciudad, que evoca las grandes metr&oacute;polis del mundo como Londres, Par&iacute;s, Nueva York y Hong Kong; por lo que podr&aacute;s disfrutar de un plan internacional con tus amigos sin necesidad de salir de Medell&iacute;n.","potentialAction":[{"@type":"SearchAction","target":{"@type":"EntryPoint","urlTemplate":"https:\/\/boleramayorca.com\/?s={search_term_string}"},"query-input":{"@type":"PropertyValueSpecification","valueRequired":true,"valueName":"search_term_string"}}],"inLanguage":"en-US"}]}},"uagb_featured_image_src":{"full":false,"thumbnail":false,"medium":false,"medium_large":false,"large":false,"1536x1536":false,"2048x2048":false,"trp-custom-language-flag":false},"uagb_author_info":{"display_name":"Santiago Velez","author_link":"https:\/\/boleramayorca.com\/en\/author\/santiago-velez\/"},"uagb_comment_info":0,"uagb_excerpt":"Un espacio donde ni\u00f1os y adultos aprender\u00e1n junto a expertos todas las t\u00e9cnica con las que estamos seguros sorprender\u00e1n a [&hellip;]","_links":{"self":[{"href":"https:\/\/boleramayorca.com\/en\/wp-json\/wp\/v2\/pages\/3524","targetHints":{"allow":["GET"]}}],"collection":[{"href":"https:\/\/boleramayorca.com\/en\/wp-json\/wp\/v2\/pages"}],"about":[{"href":"https:\/\/boleramayorca.com\/en\/wp-json\/wp\/v2\/types\/page"}],"author":[{"embeddable":true,"href":"https:\/\/boleramayorca.com\/en\/wp-json\/wp\/v2\/users\/2"}],"replies":[{"embeddable":true,"href":"https:\/\/boleramayorca.com\/en\/wp-json\/wp\/v2\/comments?post=3524"}],"version-history":[{"count":104,"href":"https:\/\/boleramayorca.com\/en\/wp-json\/wp\/v2\/pages\/3524\/revisions"}],"predecessor-version":[{"id":4434,"href":"https:\/\/boleramayorca.com\/en\/wp-json\/wp\/v2\/pages\/3524\/revisions\/4434"}],"up":[{"embeddable":true,"href":"https:\/\/boleramayorca.com\/en\/wp-json\/wp\/v2\/pages\/2703"}],"wp:attachment":[{"href":"https:\/\/boleramayorca.com\/en\/wp-json\/wp\/v2\/media?parent=3524"}],"curies":[{"name":"wp","href":"https:\/\/api.w.org\/{rel}","templated":true}]}}